{"id":56,"date":"2020-10-13T10:51:57","date_gmt":"2020-10-13T15:51:57","guid":{"rendered":"https:\/\/olympictransport.com\/?page_id=56"},"modified":"2020-11-20T20:16:29","modified_gmt":"2020-11-21T02:16:29","slug":"services","status":"publish","type":"page","link":"https:\/\/olympictransport.com\/es\/services\/","title":{"rendered":"Servicios"},"content":{"rendered":"<div data-elementor-type=\"wp-page\" data-elementor-id=\"56\" class=\"elementor elementor-56\" data-elementor-post-type=\"page\">\n\t\t\t\t\t\t<section class=\"elementor-section elementor-top-section elementor-element elementor-element-6b6dcbe2 elementor-section-boxed elementor-section-height-default elementor-section-height-default\" data-id=\"6b6dcbe2\" data-element_type=\"section\" data-e-type=\"section\">\n\t\t\t\t\t\t<div class=\"elementor-container elementor-column-gap-default\">\n\t\t\t\t\t<div class=\"elementor-column elementor-col-50 elementor-top-column elementor-element elementor-element-46e1c82f\" data-id=\"46e1c82f\" data-element_type=\"column\" data-e-type=\"column\">\n\t\t\t<div class=\"elementor-widget-wrap elementor-element-populated\">\n\t\t\t\t\t\t<div class=\"elementor-element elementor-element-54c7ce71 elementor-cta--layout-image-left elementor-cta--valign-bottom elementor-cta--skin-classic elementor-animated-content elementor-bg-transform elementor-bg-transform-zoom-in elementor-widget elementor-widget-call-to-action\" data-id=\"54c7ce71\" data-element_type=\"widget\" data-e-type=\"widget\" data-widget_type=\"call-to-action.default\">\n\t\t\t\t<div class=\"elementor-widget-container\">\n\t\t\t\t\t\t\t<div class=\"elementor-cta\">\n\t\t\t\t\t<div class=\"elementor-cta__bg-wrapper\">\n\t\t\t\t<div class=\"elementor-cta__bg elementor-bg\" style=\"background-image: url(https:\/\/olympictransport.com\/wp-content\/uploads\/2020\/11\/big_door.jpg);\" role=\"img\" aria-label=\"service-door-to-door\"><\/div>\n\t\t\t\t<div class=\"elementor-cta__bg-overlay\"><\/div>\n\t\t\t<\/div>\n\t\t\t\t\t\t\t<div class=\"elementor-cta__content\">\n\t\t\t\t\n\t\t\t\t\t\t\t\t\t<h2 class=\"elementor-cta__title elementor-cta__content-item elementor-content-item\">\n\t\t\t\t\t\tPuerta a Puerta\t\t\t\t\t<\/h2>\n\t\t\t\t\n\t\t\t\t\t\t\t\t\t<div class=\"elementor-cta__description elementor-cta__content-item elementor-content-item\">\n\t\t\t\t\t\tOfrecemos servicios de importaci\u00f3n y exportaci\u00f3n puerta a puerta sin necesidad de descargar y recargar en la frontera.\t\t\t\t\t<\/div>\n\t\t\t\t\n\t\t\t\t\t\t\t\t\t<div class=\"elementor-cta__button-wrapper elementor-cta__content-item elementor-content-item\">\n\t\t\t\t\t<a class=\"elementor-cta__button elementor-button elementor-size-\" href=\"https:\/\/olympictransport.com\/es\/services\/door-to-door\/\">\n\t\t\t\t\t\tLeer m\u00e1s\t\t\t\t\t<\/a>\n\t\t\t\t\t<\/div>\n\t\t\t\t\t\t\t<\/div>\n\t\t\t\t\t\t<\/div>\n\t\t\t\t\t\t<\/div>\n\t\t\t\t<\/div>\n\t\t\t\t\t<\/div>\n\t\t<\/div>\n\t\t\t\t<div class=\"elementor-column elementor-col-50 elementor-top-column elementor-element elementor-element-7f33349d\" data-id=\"7f33349d\" data-element_type=\"column\" data-e-type=\"column\">\n\t\t\t<div class=\"elementor-widget-wrap elementor-element-populated\">\n\t\t\t\t\t\t<div class=\"elementor-element elementor-element-27f86b27 elementor-cta--layout-image-left elementor-cta--valign-bottom elementor-cta--skin-classic elementor-animated-content elementor-bg-transform elementor-bg-transform-zoom-in elementor-widget elementor-widget-call-to-action\" data-id=\"27f86b27\" data-element_type=\"widget\" data-e-type=\"widget\" data-widget_type=\"call-to-action.default\">\n\t\t\t\t<div class=\"elementor-widget-container\">\n\t\t\t\t\t\t\t<div class=\"elementor-cta\">\n\t\t\t\t\t<div class=\"elementor-cta__bg-wrapper\">\n\t\t\t\t<div class=\"elementor-cta__bg elementor-bg\" style=\"background-image: url(https:\/\/olympictransport.com\/wp-content\/uploads\/2020\/11\/big_flatbed.jpg);\" role=\"img\" aria-label=\"service-flatbed\"><\/div>\n\t\t\t\t<div class=\"elementor-cta__bg-overlay\"><\/div>\n\t\t\t<\/div>\n\t\t\t\t\t\t\t<div class=\"elementor-cta__content\">\n\t\t\t\t\n\t\t\t\t\t\t\t\t\t<h2 class=\"elementor-cta__title elementor-cta__content-item elementor-content-item\">\n\t\t\t\t\t\tPlataforma\t\t\t\t\t<\/h2>\n\t\t\t\t\n\t\t\t\t\t\t\t\t\t<div class=\"elementor-cta__description elementor-cta__content-item elementor-content-item\">\n\t\t\t\t\t\tLa divisi\u00f3n de plataformas ofrece uno de los m\u00e1s eficientes servicios del mercado. Nuestra flota con experimentados conductores cumplir\u00e1 eficientemente su asignaci\u00f3n. \t\t\t\t\t<\/div>\n\t\t\t\t\n\t\t\t\t\t\t\t\t\t<div class=\"elementor-cta__button-wrapper elementor-cta__content-item elementor-content-item\">\n\t\t\t\t\t<a class=\"elementor-cta__button elementor-button elementor-size-\" href=\"https:\/\/olympictransport.com\/es\/services\/flatbed\/\">\n\t\t\t\t\t\tLeer m\u00e1s\t\t\t\t\t<\/a>\n\t\t\t\t\t<\/div>\n\t\t\t\t\t\t\t<\/div>\n\t\t\t\t\t\t<\/div>\n\t\t\t\t\t\t<\/div>\n\t\t\t\t<\/div>\n\t\t\t\t\t<\/div>\n\t\t<\/div>\n\t\t\t\t\t<\/div>\n\t\t<\/section>\n\t\t\t\t<section class=\"elementor-section elementor-top-section elementor-element elementor-element-25d8f0ff elementor-section-boxed elementor-section-height-default elementor-section-height-default\" data-id=\"25d8f0ff\" data-element_type=\"section\" data-e-type=\"section\">\n\t\t\t\t\t\t<div class=\"elementor-container elementor-column-gap-default\">\n\t\t\t\t\t<div class=\"elementor-column elementor-col-50 elementor-top-column elementor-element elementor-element-543232f0\" data-id=\"543232f0\" data-element_type=\"column\" data-e-type=\"column\">\n\t\t\t<div class=\"elementor-widget-wrap elementor-element-populated\">\n\t\t\t\t\t\t<div class=\"elementor-element elementor-element-63489e4b elementor-cta--layout-image-left elementor-cta--valign-bottom elementor-cta--skin-classic elementor-animated-content elementor-bg-transform elementor-bg-transform-zoom-in elementor-widget elementor-widget-call-to-action\" data-id=\"63489e4b\" data-element_type=\"widget\" data-e-type=\"widget\" data-widget_type=\"call-to-action.default\">\n\t\t\t\t<div class=\"elementor-widget-container\">\n\t\t\t\t\t\t\t<div class=\"elementor-cta\">\n\t\t\t\t\t<div class=\"elementor-cta__bg-wrapper\">\n\t\t\t\t<div class=\"elementor-cta__bg elementor-bg\" style=\"background-image: url(https:\/\/olympictransport.com\/wp-content\/uploads\/2020\/11\/big_dryvan.jpg);\" role=\"img\" aria-label=\"service-dryvan\"><\/div>\n\t\t\t\t<div class=\"elementor-cta__bg-overlay\"><\/div>\n\t\t\t<\/div>\n\t\t\t\t\t\t\t<div class=\"elementor-cta__content\">\n\t\t\t\t\n\t\t\t\t\t\t\t\t\t<h2 class=\"elementor-cta__title elementor-cta__content-item elementor-content-item\">\n\t\t\t\t\t\tCaja\t\t\t\t\t<\/h2>\n\t\t\t\t\n\t\t\t\t\t\t\t\t\t<div class=\"elementor-cta__description elementor-cta__content-item elementor-content-item\">\n\t\t\t\t\t\tEn Olympic Transport ofrecemos la manera m\u00e1s r\u00e1pida y segura de trasladar sus mercanc\u00edas, sin necesidad de descargar y recargar la carga en la frontera, teniendo el mismo conductor. \t\t\t\t\t<\/div>\n\t\t\t\t\n\t\t\t\t\t\t\t\t\t<div class=\"elementor-cta__button-wrapper elementor-cta__content-item elementor-content-item\">\n\t\t\t\t\t<a class=\"elementor-cta__button elementor-button elementor-size-\" href=\"https:\/\/olympictransport.com\/es\/services\/dryvan\/\">\n\t\t\t\t\t\tLeer m\u00e1s\t\t\t\t\t<\/a>\n\t\t\t\t\t<\/div>\n\t\t\t\t\t\t\t<\/div>\n\t\t\t\t\t\t<\/div>\n\t\t\t\t\t\t<\/div>\n\t\t\t\t<\/div>\n\t\t\t\t\t<\/div>\n\t\t<\/div>\n\t\t\t\t<div class=\"elementor-column elementor-col-50 elementor-top-column elementor-element elementor-element-5c167472\" data-id=\"5c167472\" data-element_type=\"column\" data-e-type=\"column\">\n\t\t\t<div class=\"elementor-widget-wrap elementor-element-populated\">\n\t\t\t\t\t\t<div class=\"elementor-element elementor-element-7e5aa68e elementor-cta--layout-image-left elementor-cta--valign-bottom elementor-cta--skin-classic elementor-animated-content elementor-bg-transform elementor-bg-transform-zoom-in elementor-widget elementor-widget-call-to-action\" data-id=\"7e5aa68e\" data-element_type=\"widget\" data-e-type=\"widget\" data-widget_type=\"call-to-action.default\">\n\t\t\t\t<div class=\"elementor-widget-container\">\n\t\t\t\t\t\t\t<div class=\"elementor-cta\">\n\t\t\t\t\t<div class=\"elementor-cta__bg-wrapper\">\n\t\t\t\t<div class=\"elementor-cta__bg elementor-bg\" style=\"background-image: url(https:\/\/olympictransport.com\/wp-content\/uploads\/2020\/11\/big_oversize.jpg);\" role=\"img\" aria-label=\"service-oversize\"><\/div>\n\t\t\t\t<div class=\"elementor-cta__bg-overlay\"><\/div>\n\t\t\t<\/div>\n\t\t\t\t\t\t\t<div class=\"elementor-cta__content\">\n\t\t\t\t\n\t\t\t\t\t\t\t\t\t<h2 class=\"elementor-cta__title elementor-cta__content-item elementor-content-item\">\n\t\t\t\t\t\tCarga Sobredimensionada\t\t\t\t\t<\/h2>\n\t\t\t\t\n\t\t\t\t\t\t\t\t\t<div class=\"elementor-cta__description elementor-cta__content-item elementor-content-item\">\n\t\t\t\t\t\tCon m\u00e1s de 20 a\u00f1os de experiencia en transportaci\u00f3n de grandes cargas sobre dimensionadas entregando con \u00e9xito en cada servicio.\t\t\t\t\t<\/div>\n\t\t\t\t\n\t\t\t\t\t\t\t\t\t<div class=\"elementor-cta__button-wrapper elementor-cta__content-item elementor-content-item\">\n\t\t\t\t\t<a class=\"elementor-cta__button elementor-button elementor-size-\" href=\"https:\/\/olympictransport.com\/es\/services\/over-size\/\">\n\t\t\t\t\t\tLeer m\u00e1s\t\t\t\t\t<\/a>\n\t\t\t\t\t<\/div>\n\t\t\t\t\t\t\t<\/div>\n\t\t\t\t\t\t<\/div>\n\t\t\t\t\t\t<\/div>\n\t\t\t\t<\/div>\n\t\t\t\t\t<\/div>\n\t\t<\/div>\n\t\t\t\t\t<\/div>\n\t\t<\/section>\n\t\t\t\t<section class=\"elementor-section elementor-top-section elementor-element elementor-element-1268a862 elementor-section-boxed elementor-section-height-default elementor-section-height-default\" data-id=\"1268a862\" data-element_type=\"section\" data-e-type=\"section\">\n\t\t\t\t\t\t<div class=\"elementor-container elementor-column-gap-default\">\n\t\t\t\t\t<div class=\"elementor-column elementor-col-50 elementor-top-column elementor-element elementor-element-5a41a196\" data-id=\"5a41a196\" data-element_type=\"column\" data-e-type=\"column\">\n\t\t\t<div class=\"elementor-widget-wrap elementor-element-populated\">\n\t\t\t\t\t\t<div class=\"elementor-element elementor-element-5b9b08cb elementor-cta--layout-image-left elementor-cta--valign-bottom elementor-cta--skin-classic elementor-animated-content elementor-bg-transform elementor-bg-transform-zoom-in elementor-widget elementor-widget-call-to-action\" data-id=\"5b9b08cb\" data-element_type=\"widget\" data-e-type=\"widget\" data-widget_type=\"call-to-action.default\">\n\t\t\t\t<div class=\"elementor-widget-container\">\n\t\t\t\t\t\t\t<div class=\"elementor-cta\">\n\t\t\t\t\t<div class=\"elementor-cta__bg-wrapper\">\n\t\t\t\t<div class=\"elementor-cta__bg elementor-bg\" style=\"background-image: url(https:\/\/olympictransport.com\/wp-content\/uploads\/2020\/11\/big_heavyhaul.jpg);\" role=\"img\" aria-label=\"service-heavyhaul\"><\/div>\n\t\t\t\t<div class=\"elementor-cta__bg-overlay\"><\/div>\n\t\t\t<\/div>\n\t\t\t\t\t\t\t<div class=\"elementor-cta__content\">\n\t\t\t\t\n\t\t\t\t\t\t\t\t\t<h2 class=\"elementor-cta__title elementor-cta__content-item elementor-content-item\">\n\t\t\t\t\t\tCarga Pesada\t\t\t\t\t<\/h2>\n\t\t\t\t\n\t\t\t\t\t\t\t\t\t<div class=\"elementor-cta__description elementor-cta__content-item elementor-content-item\">\n\t\t\t\t\t\tEn nuestro compromiso de satisfacer las necesidades de la cadena de suministro de nuestros clientes desarrollamos esta nueva divisi\u00f3n, con la experiencia de nuestros conductores y nuestra configuraci\u00f3n de remolque \u00fanica. \t\t\t\t\t<\/div>\n\t\t\t\t\n\t\t\t\t\t\t\t\t\t<div class=\"elementor-cta__button-wrapper elementor-cta__content-item elementor-content-item\">\n\t\t\t\t\t<a class=\"elementor-cta__button elementor-button elementor-size-\" href=\"https:\/\/olympictransport.com\/es\/services\/heavy-haul\/\">\n\t\t\t\t\t\tLeer m\u00e1s\t\t\t\t\t<\/a>\n\t\t\t\t\t<\/div>\n\t\t\t\t\t\t\t<\/div>\n\t\t\t\t\t\t<\/div>\n\t\t\t\t\t\t<\/div>\n\t\t\t\t<\/div>\n\t\t\t\t\t<\/div>\n\t\t<\/div>\n\t\t\t\t<div class=\"elementor-column elementor-col-50 elementor-top-column elementor-element elementor-element-10017ea3\" data-id=\"10017ea3\" data-element_type=\"column\" data-e-type=\"column\">\n\t\t\t<div class=\"elementor-widget-wrap\">\n\t\t\t\t\t\t\t<\/div>\n\t\t<\/div>\n\t\t\t\t\t<\/div>\n\t\t<\/section>\n\t\t\t\t<\/div>","protected":false},"excerpt":{"rendered":"<p>Door to Door As the industry\u00b4s most efficient carrier, we offer door to door import and export services without the need of unloading and reloading at the border, using our same truck. Read More Flatbed Olympic&#8217;s flatbed division offers one of the most safe and efficient services in the market. Our fleet of experienced drivers [&hellip;]<\/p>\n","protected":false},"author":1,"featured_media":0,"parent":0,"menu_order":0,"comment_status":"closed","ping_status":"closed","template":"","meta":{"footnotes":""},"class_list":["post-56","page","type-page","status-publish","hentry"],"yoast_head":"<!-- This site is optimized with the Yoast SEO plugin v27.4 - https:\/\/yoast.com\/product\/yoast-seo-wordpress\/ -->\n<title>Services - Olympic Transport<\/title>\n<meta name=\"robots\" content=\"index, follow, max-snippet:-1, max-image-preview:large, max-video-preview:-1\" \/>\n<link rel=\"canonical\" href=\"https:\/\/olympictransport.com\/es\/services\/\" \/>\n<meta property=\"og:locale\" content=\"es_MX\" \/>\n<meta property=\"og:type\" content=\"article\" \/>\n<meta property=\"og:title\" content=\"Services - Olympic Transport\" \/>\n<meta property=\"og:description\" content=\"Door to Door As the industry\u00b4s most efficient carrier, we offer door to door import and export services without the need of unloading and reloading at the border, using our same truck. Read More Flatbed Olympic&#8217;s flatbed division offers one of the most safe and efficient services in the market. Our fleet of experienced drivers [&hellip;]\" \/>\n<meta property=\"og:url\" content=\"https:\/\/olympictransport.com\/es\/services\/\" \/>\n<meta property=\"og:site_name\" content=\"Olympic Transport\" \/>\n<meta property=\"article:modified_time\" content=\"2020-11-21T02:16:29+00:00\" \/>\n<meta name=\"twitter:card\" content=\"summary_large_image\" \/>\n<meta name=\"twitter:label1\" content=\"Tiempo de lectura\" \/>\n\t<meta name=\"twitter:data1\" content=\"1 minuto\" \/>\n<script type=\"application\/ld+json\" class=\"yoast-schema-graph\">{\"@context\":\"https:\\\/\\\/schema.org\",\"@graph\":[{\"@type\":\"WebPage\",\"@id\":\"https:\\\/\\\/olympictransport.com\\\/es\\\/services\\\/\",\"url\":\"https:\\\/\\\/olympictransport.com\\\/es\\\/services\\\/\",\"name\":\"Services - Olympic Transport\",\"isPartOf\":{\"@id\":\"https:\\\/\\\/olympictransport.com\\\/en\\\/#website\"},\"datePublished\":\"2020-10-13T15:51:57+00:00\",\"dateModified\":\"2020-11-21T02:16:29+00:00\",\"breadcrumb\":{\"@id\":\"https:\\\/\\\/olympictransport.com\\\/es\\\/services\\\/#breadcrumb\"},\"inLanguage\":\"es\",\"potentialAction\":[{\"@type\":\"ReadAction\",\"target\":[\"https:\\\/\\\/olympictransport.com\\\/es\\\/services\\\/\"]}]},{\"@type\":\"BreadcrumbList\",\"@id\":\"https:\\\/\\\/olympictransport.com\\\/es\\\/services\\\/#breadcrumb\",\"itemListElement\":[{\"@type\":\"ListItem\",\"position\":1,\"name\":\"Home\",\"item\":\"http:\\\/\\\/olympictransport.com\\\/en\\\/\"},{\"@type\":\"ListItem\",\"position\":2,\"name\":\"Services\"}]},{\"@type\":\"WebSite\",\"@id\":\"https:\\\/\\\/olympictransport.com\\\/en\\\/#website\",\"url\":\"https:\\\/\\\/olympictransport.com\\\/en\\\/\",\"name\":\"Olympic Transport\",\"description\":\"Leader in the cross border transportation of goods and products.  USA, Canada and Mexico\",\"publisher\":{\"@id\":\"https:\\\/\\\/olympictransport.com\\\/en\\\/#organization\"},\"potentialAction\":[{\"@type\":\"SearchAction\",\"target\":{\"@type\":\"EntryPoint\",\"urlTemplate\":\"https:\\\/\\\/olympictransport.com\\\/en\\\/?s={search_term_string}\"},\"query-input\":{\"@type\":\"PropertyValueSpecification\",\"valueRequired\":true,\"valueName\":\"search_term_string\"}}],\"inLanguage\":\"es\"},{\"@type\":\"Organization\",\"@id\":\"https:\\\/\\\/olympictransport.com\\\/en\\\/#organization\",\"name\":\"Olympic Transport\",\"url\":\"https:\\\/\\\/olympictransport.com\\\/en\\\/\",\"logo\":{\"@type\":\"ImageObject\",\"inLanguage\":\"es\",\"@id\":\"https:\\\/\\\/olympictransport.com\\\/en\\\/#\\\/schema\\\/logo\\\/image\\\/\",\"url\":\"https:\\\/\\\/olympictransport.com\\\/wp-content\\\/uploads\\\/2020\\\/10\\\/logo-olympic.png\",\"contentUrl\":\"https:\\\/\\\/olympictransport.com\\\/wp-content\\\/uploads\\\/2020\\\/10\\\/logo-olympic.png\",\"width\":349,\"height\":86,\"caption\":\"Olympic Transport\"},\"image\":{\"@id\":\"https:\\\/\\\/olympictransport.com\\\/en\\\/#\\\/schema\\\/logo\\\/image\\\/\"}}]}<\/script>\n<!-- \/ Yoast SEO plugin. -->","yoast_head_json":{"title":"Services - Olympic Transport","robots":{"index":"index","follow":"follow","max-snippet":"max-snippet:-1","max-image-preview":"max-image-preview:large","max-video-preview":"max-video-preview:-1"},"canonical":"https:\/\/olympictransport.com\/es\/services\/","og_locale":"es_MX","og_type":"article","og_title":"Services - Olympic Transport","og_description":"Door to Door As the industry\u00b4s most efficient carrier, we offer door to door import and export services without the need of unloading and reloading at the border, using our same truck. Read More Flatbed Olympic&#8217;s flatbed division offers one of the most safe and efficient services in the market. Our fleet of experienced drivers [&hellip;]","og_url":"https:\/\/olympictransport.com\/es\/services\/","og_site_name":"Olympic Transport","article_modified_time":"2020-11-21T02:16:29+00:00","twitter_card":"summary_large_image","twitter_misc":{"Tiempo de lectura":"1 minuto"},"schema":{"@context":"https:\/\/schema.org","@graph":[{"@type":"WebPage","@id":"https:\/\/olympictransport.com\/es\/services\/","url":"https:\/\/olympictransport.com\/es\/services\/","name":"Services - Olympic Transport","isPartOf":{"@id":"https:\/\/olympictransport.com\/en\/#website"},"datePublished":"2020-10-13T15:51:57+00:00","dateModified":"2020-11-21T02:16:29+00:00","breadcrumb":{"@id":"https:\/\/olympictransport.com\/es\/services\/#breadcrumb"},"inLanguage":"es","potentialAction":[{"@type":"ReadAction","target":["https:\/\/olympictransport.com\/es\/services\/"]}]},{"@type":"BreadcrumbList","@id":"https:\/\/olympictransport.com\/es\/services\/#breadcrumb","itemListElement":[{"@type":"ListItem","position":1,"name":"Home","item":"http:\/\/olympictransport.com\/en\/"},{"@type":"ListItem","position":2,"name":"Services"}]},{"@type":"WebSite","@id":"https:\/\/olympictransport.com\/en\/#website","url":"https:\/\/olympictransport.com\/en\/","name":"Olympic Transport","description":"Leader in the cross border transportation of goods and products.  USA, Canada and Mexico","publisher":{"@id":"https:\/\/olympictransport.com\/en\/#organization"},"potentialAction":[{"@type":"SearchAction","target":{"@type":"EntryPoint","urlTemplate":"https:\/\/olympictransport.com\/en\/?s={search_term_string}"},"query-input":{"@type":"PropertyValueSpecification","valueRequired":true,"valueName":"search_term_string"}}],"inLanguage":"es"},{"@type":"Organization","@id":"https:\/\/olympictransport.com\/en\/#organization","name":"Olympic Transport","url":"https:\/\/olympictransport.com\/en\/","logo":{"@type":"ImageObject","inLanguage":"es","@id":"https:\/\/olympictransport.com\/en\/#\/schema\/logo\/image\/","url":"https:\/\/olympictransport.com\/wp-content\/uploads\/2020\/10\/logo-olympic.png","contentUrl":"https:\/\/olympictransport.com\/wp-content\/uploads\/2020\/10\/logo-olympic.png","width":349,"height":86,"caption":"Olympic Transport"},"image":{"@id":"https:\/\/olympictransport.com\/en\/#\/schema\/logo\/image\/"}}]}},"_links":{"self":[{"href":"https:\/\/olympictransport.com\/es\/wp-json\/wp\/v2\/pages\/56","targetHints":{"allow":["GET"]}}],"collection":[{"href":"https:\/\/olympictransport.com\/es\/wp-json\/wp\/v2\/pages"}],"about":[{"href":"https:\/\/olympictransport.com\/es\/wp-json\/wp\/v2\/types\/page"}],"author":[{"embeddable":true,"href":"https:\/\/olympictransport.com\/es\/wp-json\/wp\/v2\/users\/1"}],"replies":[{"embeddable":true,"href":"https:\/\/olympictransport.com\/es\/wp-json\/wp\/v2\/comments?post=56"}],"version-history":[{"count":10,"href":"https:\/\/olympictransport.com\/es\/wp-json\/wp\/v2\/pages\/56\/revisions"}],"predecessor-version":[{"id":378,"href":"https:\/\/olympictransport.com\/es\/wp-json\/wp\/v2\/pages\/56\/revisions\/378"}],"wp:attachment":[{"href":"https:\/\/olympictransport.com\/es\/wp-json\/wp\/v2\/media?parent=56"}],"curies":[{"name":"wp","href":"https:\/\/api.w.org\/{rel}","templated":true}]}}